{"id":10,"date":"2020-04-15T16:07:55","date_gmt":"2020-04-15T16:07:55","guid":{"rendered":"https:\/\/stand-auto17.com\/4x4\/?page_id=10"},"modified":"2020-06-03T06:14:14","modified_gmt":"2020-06-03T06:14:14","slug":"home","status":"publish","type":"page","link":"https:\/\/stand-auto17.com\/4x4\/","title":{"rendered":"Stand 4&#215;4"},"content":{"rendered":"\n<div class=\"wp-block-carousel-slider-slider\"><div class=\"carousel-slider-outer carousel-slider-outer-images carousel-slider-outer-131\">\n\t<style type=\"text\/css\">\n            #id-131 .carousel-slider-nav-icon {\n                fill: #f1f1f1\n            }\n            #id-131 .carousel-slider-nav-icon:hover {\n                fill: #00d1b2\n            }\n            #id-131 .owl-prev,\n            #id-131 .owl-next,\n            #id-131 .carousel-slider-nav-icon {\n                height: 48px;\n                width: 48px\n            }\n            #id-131.arrows-outside .owl-prev {\n                left: -48px\n            }\n            #id-131.arrows-outside .owl-next {\n                right: -48px\n            }\n        \n\t\t    #id-131 .owl-dots .owl-dot span {\n                background-color: #f1f1f1;\n                width: 10px;\n                height: 10px;\n            }\n            #id-131 .owl-dots .owl-dot.active span,\n            #id-131 .owl-dots .owl-dot:hover span {\n                background-color: #00d1b2\n            }\n\t\t<\/style>\t<div id=\"id-131\" class=\"owl-carousel carousel-slider arrows-outside arrows-visible-hover dots-hidden dots-center dots-square\" data-slide-type=\"image-carousel\" data-margin=\"10\" data-slide-by=\"1\" data-loop=\"true\" data-lazy-load=\"false\" data-stage-padding=\"0\" data-auto-width=\"false\" data-dots=\"false\" data-nav=\"true\" data-autoplay=\"true\" data-autoplay-timeout=\"5000\" data-autoplay-speed=\"500\" data-autoplay-hover-pause=\"true\" data-colums=\"4\" data-colums-desktop=\"4\" data-colums-small-desktop=\"4\" data-colums-tablet=\"3\" data-colums-small-tablet=\"2\" data-colums-mobile=\"1\">\n\t\t<div class=\"carousel-slider__item\"><a href=\"https:\/\/stand-auto17.com\/4x4\/wp-content\/uploads\/2020\/04\/25586917_1973122909621424_5162406027638502483_o.jpg\" target=\"_self\"><img width=\"300\" height=\"199\" src=\"https:\/\/stand-auto17.com\/4x4\/wp-content\/uploads\/2020\/04\/25586917_1973122909621424_5162406027638502483_o-300x199.jpg\" class=\"attachment-medium size-medium\" alt=\"\" loading=\"lazy\" srcset=\"https:\/\/stand-auto17.com\/4x4\/wp-content\/uploads\/2020\/04\/25586917_1973122909621424_5162406027638502483_o-300x199.jpg 300w, https:\/\/stand-auto17.com\/4x4\/wp-content\/uploads\/2020\/04\/25586917_1973122909621424_5162406027638502483_o-1024x681.jpg 1024w, https:\/\/stand-auto17.com\/4x4\/wp-content\/uploads\/2020\/04\/25586917_1973122909621424_5162406027638502483_o-768x510.jpg 768w, https:\/\/stand-auto17.com\/4x4\/wp-content\/uploads\/2020\/04\/25586917_1973122909621424_5162406027638502483_o-1536x1021.jpg 1536w, https:\/\/stand-auto17.com\/4x4\/wp-content\/uploads\/2020\/04\/25586917_1973122909621424_5162406027638502483_o-350x233.jpg 350w, https:\/\/stand-auto17.com\/4x4\/wp-content\/uploads\/2020\/04\/25586917_1973122909621424_5162406027638502483_o.jpg 2048w\" sizes=\"100vw\" \/><\/a><\/div><div class=\"carousel-slider__item\"><a href=\"https:\/\/stand-auto17.com\/4x4\/wp-content\/uploads\/2020\/04\/69801608_2370545309879180_5482207036705865728_o.jpg\" target=\"_self\"><img width=\"300\" height=\"222\" src=\"https:\/\/stand-auto17.com\/4x4\/wp-content\/uploads\/2020\/04\/69801608_2370545309879180_5482207036705865728_o-300x222.jpg\" class=\"attachment-medium size-medium\" alt=\"\" loading=\"lazy\" srcset=\"https:\/\/stand-auto17.com\/4x4\/wp-content\/uploads\/2020\/04\/69801608_2370545309879180_5482207036705865728_o-300x222.jpg 300w, https:\/\/stand-auto17.com\/4x4\/wp-content\/uploads\/2020\/04\/69801608_2370545309879180_5482207036705865728_o-1024x759.jpg 1024w, https:\/\/stand-auto17.com\/4x4\/wp-content\/uploads\/2020\/04\/69801608_2370545309879180_5482207036705865728_o-768x569.jpg 768w, https:\/\/stand-auto17.com\/4x4\/wp-content\/uploads\/2020\/04\/69801608_2370545309879180_5482207036705865728_o-1536x1139.jpg 1536w, https:\/\/stand-auto17.com\/4x4\/wp-content\/uploads\/2020\/04\/69801608_2370545309879180_5482207036705865728_o-350x259.jpg 350w, https:\/\/stand-auto17.com\/4x4\/wp-content\/uploads\/2020\/04\/69801608_2370545309879180_5482207036705865728_o.jpg 2048w\" sizes=\"100vw\" \/><\/a><\/div><div class=\"carousel-slider__item\"><a href=\"https:\/\/stand-auto17.com\/4x4\/wp-content\/uploads\/2020\/04\/stand1.jpg\" target=\"_self\"><img width=\"300\" height=\"209\" src=\"https:\/\/stand-auto17.com\/4x4\/wp-content\/uploads\/2020\/04\/stand1-300x209.jpg\" class=\"attachment-medium size-medium\" alt=\"\" loading=\"lazy\" srcset=\"https:\/\/stand-auto17.com\/4x4\/wp-content\/uploads\/2020\/04\/stand1-300x209.jpg 300w, https:\/\/stand-auto17.com\/4x4\/wp-content\/uploads\/2020\/04\/stand1-1024x713.jpg 1024w, https:\/\/stand-auto17.com\/4x4\/wp-content\/uploads\/2020\/04\/stand1-768x534.jpg 768w, https:\/\/stand-auto17.com\/4x4\/wp-content\/uploads\/2020\/04\/stand1-1536x1069.jpg 1536w, https:\/\/stand-auto17.com\/4x4\/wp-content\/uploads\/2020\/04\/stand1-350x244.jpg 350w, https:\/\/stand-auto17.com\/4x4\/wp-content\/uploads\/2020\/04\/stand1.jpg 1956w\" sizes=\"100vw\" \/><\/a><\/div><div class=\"carousel-slider__item\"><a href=\"https:\/\/stand-auto17.com\/4x4\/wp-content\/uploads\/2020\/04\/71098149_2370541729879538_7018461497831456768_o.jpg\" target=\"_self\"><img width=\"300\" height=\"225\" src=\"https:\/\/stand-auto17.com\/4x4\/wp-content\/uploads\/2020\/04\/71098149_2370541729879538_7018461497831456768_o-300x225.jpg\" class=\"attachment-medium size-medium\" alt=\"\" loading=\"lazy\" srcset=\"https:\/\/stand-auto17.com\/4x4\/wp-content\/uploads\/2020\/04\/71098149_2370541729879538_7018461497831456768_o-300x225.jpg 300w, https:\/\/stand-auto17.com\/4x4\/wp-content\/uploads\/2020\/04\/71098149_2370541729879538_7018461497831456768_o-1024x767.jpg 1024w, https:\/\/stand-auto17.com\/4x4\/wp-content\/uploads\/2020\/04\/71098149_2370541729879538_7018461497831456768_o-768x575.jpg 768w, https:\/\/stand-auto17.com\/4x4\/wp-content\/uploads\/2020\/04\/71098149_2370541729879538_7018461497831456768_o-1536x1150.jpg 1536w, https:\/\/stand-auto17.com\/4x4\/wp-content\/uploads\/2020\/04\/71098149_2370541729879538_7018461497831456768_o-350x262.jpg 350w, https:\/\/stand-auto17.com\/4x4\/wp-content\/uploads\/2020\/04\/71098149_2370541729879538_7018461497831456768_o.jpg 1776w\" sizes=\"100vw\" \/><\/a><\/div><div class=\"carousel-slider__item\"><img width=\"300\" height=\"102\" src=\"https:\/\/stand-auto17.com\/4x4\/wp-content\/uploads\/2020\/05\/21106855_1927451584188557_2237644621321808493_n-1-300x102.jpg\" class=\"attachment-medium size-medium\" alt=\"\" loading=\"lazy\" srcset=\"https:\/\/stand-auto17.com\/4x4\/wp-content\/uploads\/2020\/05\/21106855_1927451584188557_2237644621321808493_n-1-300x102.jpg 300w, https:\/\/stand-auto17.com\/4x4\/wp-content\/uploads\/2020\/05\/21106855_1927451584188557_2237644621321808493_n-1-768x260.jpg 768w, https:\/\/stand-auto17.com\/4x4\/wp-content\/uploads\/2020\/05\/21106855_1927451584188557_2237644621321808493_n-1-350x118.jpg 350w, https:\/\/stand-auto17.com\/4x4\/wp-content\/uploads\/2020\/05\/21106855_1927451584188557_2237644621321808493_n-1.jpg 960w\" sizes=\"100vw\" \/><\/div>\t<\/div><!-- #id-## -->\n<\/div>\n<\/div>\n\n\n\n<figure class=\"wp-block-table aligncenter\"><table class=\"has-fixed-layout\"><tbody><tr><td>              <\/td><td><br><br><br>De la passion \u00e0 l\u2019 action , depuis 10 ans notre exp\u00e9rience est aussi au services des possesseurs et amateurs de 4&#215;4 avec une pr\u00e9f\u00e9rence affich\u00e9e pour la marque Land Rover .Nous assurons l\u2019entretien , la remise en \u00e9tat , la restauration et la pr\u00e9paration de votre Land Rover ainsi que la fourniture de pi\u00e8ces neuves ou d\u2019occasion (stock limit\u00e9) , \u00e0 titre personnel nous collectionnons ces v\u00e9hicules et pratiquons assid\u00fbment le tout terrain ; en clair nous sommes toujours heureux d\u2018 en parler et de vous montrer nos derni\u00e8res r\u00e9alisations . We also speak English , the Land Rover native language of course !<\/td><td>                  <\/td><\/tr><\/tbody><\/table><\/figure>\n\n\n\n<div class=\"wp-block-image\"><figure class=\"aligncenter size-large is-resized\"><img loading=\"lazy\" src=\"https:\/\/stand-auto17.com\/4x4\/wp-content\/uploads\/2020\/04\/69801608_2370545309879180_5482207036705865728_o-1024x759.jpg\" alt=\"\" class=\"wp-image-65\" width=\"543\" height=\"402\" srcset=\"https:\/\/stand-auto17.com\/4x4\/wp-content\/uploads\/2020\/04\/69801608_2370545309879180_5482207036705865728_o-1024x759.jpg 1024w, https:\/\/stand-auto17.com\/4x4\/wp-content\/uploads\/2020\/04\/69801608_2370545309879180_5482207036705865728_o-300x222.jpg 300w, https:\/\/stand-auto17.com\/4x4\/wp-content\/uploads\/2020\/04\/69801608_2370545309879180_5482207036705865728_o-768x569.jpg 768w, https:\/\/stand-auto17.com\/4x4\/wp-content\/uploads\/2020\/04\/69801608_2370545309879180_5482207036705865728_o-1536x1139.jpg 1536w, https:\/\/stand-auto17.com\/4x4\/wp-content\/uploads\/2020\/04\/69801608_2370545309879180_5482207036705865728_o-350x259.jpg 350w, https:\/\/stand-auto17.com\/4x4\/wp-content\/uploads\/2020\/04\/69801608_2370545309879180_5482207036705865728_o.jpg 2048w\" sizes=\"(max-width: 543px) 100vw, 543px\" \/><\/figure><\/div>\n","protected":false},"excerpt":{"rendered":"<p>De la passion \u00e0 l\u2019 action , depuis 10 ans notre exp\u00e9rience est aussi au services des possesseurs et amateurs de 4&#215;4 avec une pr\u00e9f\u00e9rence affich\u00e9e pour la marque Land Rover .Nous assurons l\u2019entretien , la remise en \u00e9tat , la restauration et la pr\u00e9paration de votre Land Rover ainsi que la fourniture de pi\u00e8ces &hellip; <\/p>\n<p class=\"link-more\"><a href=\"https:\/\/stand-auto17.com\/4x4\/\" class=\"more-link\">Continuer la lecture<span class=\"screen-reader-text\"> de &laquo;&nbsp;Stand 4&#215;4&nbsp;&raquo;<\/span><\/a><\/p>\n","protected":false},"author":1,"featured_media":0,"parent":0,"menu_order":0,"comment_status":"closed","ping_status":"closed","template":"","meta":[],"yoast_head":"<!-- This site is optimized with the Yoast SEO plugin v15.5 - https:\/\/yoast.com\/wordpress\/plugins\/seo\/ -->\n<title>Stand 4x4 - Stand 4x4<\/title>\n<meta name=\"robots\" content=\"noindex, follow, max-snippet:-1, max-image-preview:large, max-video-preview:-1\" \/>\n<meta property=\"og:locale\" content=\"fr_FR\" \/>\n<meta property=\"og:type\" content=\"article\" \/>\n<meta property=\"og:title\" content=\"Stand 4x4 - Stand 4x4\" \/>\n<meta property=\"og:description\" content=\"De la passion \u00e0 l\u2019 action , depuis 10 ans notre exp\u00e9rience est aussi au services des possesseurs et amateurs de 4&#215;4 avec une pr\u00e9f\u00e9rence affich\u00e9e pour la marque Land Rover .Nous assurons l\u2019entretien , la remise en \u00e9tat , la restauration et la pr\u00e9paration de votre Land Rover ainsi que la fourniture de pi\u00e8ces &hellip; Continuer la lecture de &laquo;&nbsp;Stand 4&#215;4&nbsp;&raquo;\" \/>\n<meta property=\"og:url\" content=\"https:\/\/stand-auto17.com\/4x4\/\" \/>\n<meta property=\"og:site_name\" content=\"Stand 4x4\" \/>\n<meta property=\"article:publisher\" content=\"https:\/\/www.facebook.com\/Garage-Stand-4x4-1927450650855317\/\" \/>\n<meta property=\"article:modified_time\" content=\"2020-06-03T06:14:14+00:00\" \/>\n<meta property=\"og:image\" content=\"https:\/\/stand-auto17.com\/4x4\/wp-content\/uploads\/2020\/04\/69801608_2370545309879180_5482207036705865728_o-1024x759.jpg\" \/>\n<meta name=\"twitter:card\" content=\"summary_large_image\" \/>\n<meta name=\"twitter:label1\" content=\"Dur\u00e9e de lecture est.\">\n\t<meta name=\"twitter:data1\" content=\"0 minute\">\n<script type=\"application\/ld+json\" class=\"yoast-schema-graph\">{\"@context\":\"https:\/\/schema.org\",\"@graph\":[{\"@type\":\"Organization\",\"@id\":\"https:\/\/stand-auto17.com\/4x4\/#organization\",\"name\":\"STAND 4x4\",\"url\":\"https:\/\/stand-auto17.com\/4x4\/\",\"sameAs\":[\"https:\/\/www.facebook.com\/Garage-Stand-4x4-1927450650855317\/\"],\"logo\":{\"@type\":\"ImageObject\",\"@id\":\"https:\/\/stand-auto17.com\/4x4\/#logo\",\"inLanguage\":\"fr-FR\",\"url\":\"https:\/\/stand-auto17.com\/4x4\/wp-content\/uploads\/2020\/06\/logo-stand4x4.gif\",\"width\":297,\"height\":148,\"caption\":\"STAND 4x4\"},\"image\":{\"@id\":\"https:\/\/stand-auto17.com\/4x4\/#logo\"}},{\"@type\":\"WebSite\",\"@id\":\"https:\/\/stand-auto17.com\/4x4\/#website\",\"url\":\"https:\/\/stand-auto17.com\/4x4\/\",\"name\":\"Stand 4x4\",\"description\":\"Entretenir la passion\",\"publisher\":{\"@id\":\"https:\/\/stand-auto17.com\/4x4\/#organization\"},\"potentialAction\":[{\"@type\":\"SearchAction\",\"target\":\"https:\/\/stand-auto17.com\/4x4\/?s={search_term_string}\",\"query-input\":\"required name=search_term_string\"}],\"inLanguage\":\"fr-FR\"},{\"@type\":\"ImageObject\",\"@id\":\"https:\/\/stand-auto17.com\/4x4\/#primaryimage\",\"inLanguage\":\"fr-FR\",\"url\":\"https:\/\/stand-auto17.com\/4x4\/wp-content\/uploads\/2020\/04\/69801608_2370545309879180_5482207036705865728_o.jpg\",\"width\":2048,\"height\":1518},{\"@type\":\"WebPage\",\"@id\":\"https:\/\/stand-auto17.com\/4x4\/#webpage\",\"url\":\"https:\/\/stand-auto17.com\/4x4\/\",\"name\":\"Stand 4x4 - Stand 4x4\",\"isPartOf\":{\"@id\":\"https:\/\/stand-auto17.com\/4x4\/#website\"},\"primaryImageOfPage\":{\"@id\":\"https:\/\/stand-auto17.com\/4x4\/#primaryimage\"},\"datePublished\":\"2020-04-15T16:07:55+00:00\",\"dateModified\":\"2020-06-03T06:14:14+00:00\",\"inLanguage\":\"fr-FR\",\"potentialAction\":[{\"@type\":\"ReadAction\",\"target\":[\"https:\/\/stand-auto17.com\/4x4\/\"]}]}]}<\/script>\n<!-- \/ Yoast SEO plugin. -->","_links":{"self":[{"href":"https:\/\/stand-auto17.com\/4x4\/index.php\/wp-json\/wp\/v2\/pages\/10"}],"collection":[{"href":"https:\/\/stand-auto17.com\/4x4\/index.php\/wp-json\/wp\/v2\/pages"}],"about":[{"href":"https:\/\/stand-auto17.com\/4x4\/index.php\/wp-json\/wp\/v2\/types\/page"}],"author":[{"embeddable":true,"href":"https:\/\/stand-auto17.com\/4x4\/index.php\/wp-json\/wp\/v2\/users\/1"}],"replies":[{"embeddable":true,"href":"https:\/\/stand-auto17.com\/4x4\/index.php\/wp-json\/wp\/v2\/comments?post=10"}],"version-history":[{"count":19,"href":"https:\/\/stand-auto17.com\/4x4\/index.php\/wp-json\/wp\/v2\/pages\/10\/revisions"}],"predecessor-version":[{"id":136,"href":"https:\/\/stand-auto17.com\/4x4\/index.php\/wp-json\/wp\/v2\/pages\/10\/revisions\/136"}],"wp:attachment":[{"href":"https:\/\/stand-auto17.com\/4x4\/index.php\/wp-json\/wp\/v2\/media?parent=10"}],"curies":[{"name":"wp","href":"https:\/\/api.w.org\/{rel}","templated":true}]}}